{"id":17,"date":"2016-02-12T08:09:36","date_gmt":"2016-02-12T08:09:36","guid":{"rendered":"http:\/\/demos.famethemes.com\/onepress\/?page_id=17"},"modified":"2026-03-10T14:28:51","modified_gmt":"2026-03-10T14:28:51","slug":"our-history","status":"publish","type":"page","link":"https:\/\/lvi-eristyspulkkinen.fi\/index.php\/our-history\/","title":{"rendered":"Historiaa"},"content":{"rendered":"\n<p>LVI-Eristys Pulkkinen on vuonna 2021 perustettu yritys. Yritt\u00e4j\u00e4n\u00e4 toimivalla Mikolla on yli 10 vuoden kokemus alalta.<\/p>\n\n\n\n<p>Uutena ty\u00f6ntekij\u00e4n\u00e4 alkuvuodesta 2025 aloittanut Aleksi Salonen on Mikon hyv\u00e4 yst\u00e4v\u00e4 yli 10 vuoden takaa. H\u00e4n on toiminut LVI-Eristys Pulkkisen hallituksen varaj\u00e4senen\u00e4 perustamisvuodesta l\u00e4htien. Aleksi on toiminut metallialalla noin 8 vuotta ty\u00f6njohtajana\/polttoleikkaajana, koneurakoinnin parissa 5 vuotta ja eristyst\u00f6iss\u00e4 2 vuotta. Aleksin ty\u00f6nkuvaan kuuluvat koneurakointi sek\u00e4 eristys.<\/p>\n","protected":false},"excerpt":{"rendered":"<p>Nullam ut tempor eros. Donec faucibus, velit et imperdiet aliquam, lacus velit luctus urna, vitae porttitor orci libero id felis.<\/p>\n","protected":false},"author":2,"featured_media":0,"parent":0,"menu_order":0,"comment_status":"closed","ping_status":"closed","template":"","meta":{"footnotes":""},"class_list":["post-17","page","type-page","status-publish","hentry"],"_links":{"self":[{"href":"https:\/\/lvi-eristyspulkkinen.fi\/index.php\/wp-json\/wp\/v2\/pages\/17","targetHints":{"allow":["GET"]}}],"collection":[{"href":"https:\/\/lvi-eristyspulkkinen.fi\/index.php\/wp-json\/wp\/v2\/pages"}],"about":[{"href":"https:\/\/lvi-eristyspulkkinen.fi\/index.php\/wp-json\/wp\/v2\/types\/page"}],"author":[{"embeddable":true,"href":"https:\/\/lvi-eristyspulkkinen.fi\/index.php\/wp-json\/wp\/v2\/users\/2"}],"replies":[{"embeddable":true,"href":"https:\/\/lvi-eristyspulkkinen.fi\/index.php\/wp-json\/wp\/v2\/comments?post=17"}],"version-history":[{"count":6,"href":"https:\/\/lvi-eristyspulkkinen.fi\/index.php\/wp-json\/wp\/v2\/pages\/17\/revisions"}],"predecessor-version":[{"id":1753,"href":"https:\/\/lvi-eristyspulkkinen.fi\/index.php\/wp-json\/wp\/v2\/pages\/17\/revisions\/1753"}],"wp:attachment":[{"href":"https:\/\/lvi-eristyspulkkinen.fi\/index.php\/wp-json\/wp\/v2\/media?parent=17"}],"curies":[{"name":"wp","href":"https:\/\/api.w.org\/{rel}","templated":true}]}}